{"id":2282,"date":"2026-04-20T12:46:48","date_gmt":"2026-04-20T10:46:48","guid":{"rendered":"https:\/\/singularlocal-lab.com\/?page_id=2282"},"modified":"2026-04-20T13:06:10","modified_gmt":"2026-04-20T11:06:10","slug":"aviso-legal","status":"publish","type":"page","link":"https:\/\/singularlocal-lab.com\/eu\/aviso-legal\/","title":{"rendered":"Aviso legal"},"content":{"rendered":"<h2 class=\"wp-block-heading has-text-align-left alignwide\">Aviso Legal<\/h2>\n\n\n\n<p class=\"wp-block-paragraph\"><\/p>\n\n\n\n<p class=\"alignwide wp-block-paragraph\">El presente aviso legal (en adelante el \u201cAviso Legal\u201d) regula el uso del servicio del portal de internet <a href=\"https:\/\/singularlocal-lab.com\/eu\/\" rel=\"nofollow\">http:\/\/www.singularlocal-lab.com<\/a> (en adelante \u201cweb\u201d), titularidad de la Federaci\u00f3n Mercantil de Gipuzkoa (en adelante FMG), con C.I.F. G-20045993 y sita en la Calle Garibai, 36 \u2013 20004, Donostia-San Sebasti\u00e1n (Gipuzkoa).<\/p>\n\n\n\n<p class=\"alignwide wp-block-paragraph\">Los derechos de propiedad intelectual del contenido de la web, su dise\u00f1o gr\u00e1fico y c\u00f3digos son titularidad de FMG, y por lo tanto, queda prohibida su reproducci\u00f3n, distribuci\u00f3n, comunicaci\u00f3n p\u00fablica, transformaci\u00f3n o cualquier otra actividad que se pueda realizar con los contenidos de la web ni a\u00fan citando las fuentes, salvo consentimiento expreso por escrito de la FMG.<\/p>\n\n\n\n<p class=\"alignwide wp-block-paragraph\">La FMG advierte expresamente que el contenido que se da en esta web no tiene por qu\u00e9 ajustarse a cualquier uso personal, sino que lo es oportuno plantear los asuntos de forma personal e individualizada a fin de que puedan darse las respuestas necesarias en el mismo sentido.<\/p>\n\n\n\n<p class=\"alignwide wp-block-paragraph\">La FMG no se identifica con las opiniones vertidas en la web por sus colaboradores.<\/p>\n\n\n\n<p class=\"alignwide wp-block-paragraph\">El usuario queda informado, y acepta, que el acceso a la presente web no supone, en modo alguno, el inicio de una relaci\u00f3n comercial con la FMG.<\/p>\n\n\n\n<p class=\"alignwide wp-block-paragraph\">La FMG se reserva el derecho de efectuar sin previo aviso las modificaciones que considere oportunas en su web, pudiendo cambiar, suprimir o a\u00f1adir tanto los contenidos y servicios que se presten a trav\u00e9s de la misma, como la forma en la que \u00e9stos aparezcan presentados o localizados en sus servidores.<\/p>\n\n\n\n<p class=\"alignwide wp-block-paragraph\">La FMG advierte expresamente que el contenido ofrecido en esta web<\/p>\n\n\n\n<p class=\"alignwide wp-block-paragraph\">Los enlaces existentes en esta web son proporcionados de buena fe y su inclusi\u00f3n tiene una finalidad meramente informativa sin que esto suponga en ning\u00fan caso sugerencia, invitaci\u00f3n o recomendaci\u00f3n sobre los mismos.<\/p>\n\n\n\n<p class=\"alignwide wp-block-paragraph\">La FMG declara que no tiene control alguno sobre dichos enlaces y declina cualquier tipo de responsabilidad sobre los mismos.<\/p>\n\n\n\n<p class=\"alignwide wp-block-paragraph\">Ni la FMG, ni ninguna otra parte implicada en la creaci\u00f3n, producci\u00f3n o suministro de esta web ser\u00e1n responsables de da\u00f1os, costos, p\u00e9rdidas o responsabilidades de cualquier tipo que puedan producirse por el acceso o uso de esta web.<\/p>","protected":false},"excerpt":{"rendered":"<p>Aviso Legal El presente aviso legal (en adelante el \u201cAviso Legal\u201d) regula el uso del servicio del portal de internet <a href=\"http:\/\/www.singularlocal-lab.com\" rel=\"nofollow\">http:\/\/www.singularlocal-lab.com<\/a> (en adelante \u201cweb\u201d), titularidad de la Federaci\u00f3n Mercantil de Gipuzkoa (en adelante FMG), con C.I.F. G-20045993 y sita en la Calle Garibai, 36 \u2013 20004, Donostia-San Sebasti\u00e1n (Gipuzkoa). Los derechos de propiedad intelectual del [&hellip;]<\/p>\n","protected":false},"author":275037825,"featured_media":0,"parent":0,"menu_order":0,"comment_status":"closed","ping_status":"closed","template":"pagina-3","meta":{"_crdt_document":"{\"document\":\"AAAdisry2B2ewcKEE9ihucgGAN7BwoQTBtihucgGsAHJAaoB6AEBAQgBAEiuTqpgAtavATYBB1AmGAEBCAEASAIEAgECCgJKAhQDAFxIhAEBAQgCqAMKAvYDAEgAvgkBAQgCQgBIALoLAQEIAkIASAC2CAEBCAJCAEgAuAIBAQgCQgBIALIEAQEIAkIASACuCQEBCAJCAEgAlgIBAQgCQgBIAIAHAQEIAkIASACMBAEBCAJCAEjgPb4Jugu2CLgCsgSuCZYCgAeMBOw+ADqABK5BCPRHgk6KBdQL0AjSQLZTnFjUrAE4mq4BAgyuAoRM6k6mBgEBjk3nASgAIQDHACgCJwEoAScAxACoASECJwABACcBKAMhACcAKAknAEQAhAAHACEAKAAhACcAIQEoACcAoQEhBKEBpwChAKgBBAAhAIcAKAInAQQAgQCEASgBJwCHACgCJwEEACgBJwCHACgCJwEEACgBJwCHACgCJwEEACgBJwCHACgCJwEEACgBJwCHACgCJwEEACgBJwCHACgCJwEEACgBJwCHACgCJwEEACgBJwCHACgCJwEEACgBJwCHACgCJwEEACgBJwAoC6gAxADBAMQABACEAcQAgQAAAKgAxACBAKgAKAAhAagAoew3sDZzdGF0ZXZlcnNpb25zdGF0ZXZlcnNpb25jbGllbnRJZGlzVmFsaWRuYW1lYXR0cmlidXRlc2NvbnRlbnRkcm9wQ2FwVHJwQ29udGVudFJlc3RyaWN0aW9uaW5uZXJCbG9ja3MtLT4KPHA+PC9wPgo8IS0tIC93cDpwYXJhZ3JhcGggLS0+Cgo8IS0tIHdwOnBhcmFncmFwaCBzdGF0ZXZlcnNpb25kb2N1bWVudGRhdGVkb2N1bWVudHN0YXR1c2RvY3VtZW50dGl0bGVkb2N1bWVudGNvbnRlbnRkb2N1bWVudGV4Y2VycHRkb2N1bWVudGF1dGhvcmRvY3VtZW50ZmVhdHVyZWRfbWVkaWFkb2N1bWVudGNvbW1lbnRfc3RhdHVzZG9jdW1lbnRwaW5nX3N0YXR1c2RvY3VtZW50dGVtcGxhdGVkb2N1bWVudG1ldGFhZHZhbmNlZF9zZW9fZGVzY3JpcHRpb25qZXRwYWNrX3Nlb19odG1sX3RpdGxlamV0cGFja19zZW9fbm9pbmRleF92cF9mb3JtYXRfdmlkZW9fdXJsX3ZwX2ltYWdlX2ZvY2FsX3BvaW50Zm9vdG5vdGVzX2VsZW1lbnRvcl9lZGl0X21vZGVfZWxlbWVudG9yX3RlbXBsYXRlX3R5cGVfZWxlbWVudG9yX2RhdGFfZWxlbWVudG9yX3BhZ2Vfc2V0dGluZ3Nkb2N1bWVudGJsb2Nrc0F2aXNvIGxlZ2FsY2xpZW50SWRpc1ZhbGlkbmFtZWF0dHJpYnV0ZXNjb250ZW50ZHJvcENhcFRycENvbnRlbnRSZXN0cmljdGlvbmlubmVyQmxvY2tzdXJsY2FwdGlvbmFsbG93UmVzcG9uc2l2ZXJlc3BvbnNpdmVwcmV2aWV3YWJsZUF2aXNvIExlZ2FsbGV2ZWxjbGllbnRJZGlzVmFsaWRuYW1lYXR0cmlidXRlc2NvbnRlbnRFbCBwcmVzZW50ZSBhdmlzbyBsZWdhbCAoZW4gYWRlbGFudGUgZWwg4oCcQXZpc28gTGVnYWzigJ0pIHJlZ3VsYSBlbCB1c28gZGVsIHNlcnZpY2lvIGRlbCBwb3J0YWwgZGUgaW50ZXJuZXQgaHR0cDovL3d3dy5zIChlbiBhZGVsYW50ZSDigJx3ZWLigJ0pLCB0aXR1bGFyaWRhZCBkZSBsYSBGZWRlcmFjacOzbiBNZXJjYW50aWwgZGUgR2lwdXprb2EgKGVuIGFkZWxhbnRlIEZNRyksIGNvbiBDLkkuRi4gRy0yMDA0NTk5MyB5IHNpdGEgZW4gbGEgQ2FsbGUgR2FyaWJhaSwgMzYg4oCTIDIwMDA0LCBEb25vc3RpYS1TYW4gU2ViYXN0acOhbiAoR2lwdXprb2EpLmRyb3BDYXBUcnBDb250ZW50UmVzdHJpY3Rpb25pbm5lckJsb2Nrc2NsaWVudElkaXNWYWxpZG5hbWVhdHRyaWJ1dGVzY29udGVudExvcyBkZXJlY2hvcyBkZSBwcm9waWVkYWQgaW50ZWxlY3R1YWwgZGVsIGNvbnRlbmlkbyBkZSBsYSB3ZWIsIHN1IGRpc2XDsW8gZ3LDoWZpY28geSBjw7NkaWdvcyBzb24gdGl0dWxhcmlkYWQgZGUgRk1HLCB5IHBvciBsbyB0YW50bywgcXVlZGEgcHJvaGliaWRhIHN1IHJlcHJvZHVjY2nDs24sIGRpc3RyaWJ1Y2nDs24sIGNvbXVuaWNhY2nDs24gcMO6YmxpY2EsIHRyYW5zZm9ybWFjacOzbiBvIGN1YWxxdWllciBvdHJhIGFjdGl2aWRhZCBxdWUgc2UgcHVlZGEgcmVhbGl6YXIgY29uIGxvcyBjb250ZW5pZG9zIGRlIGxhIHdlYiBuaSBhw7puIGNpdGFuZG8gbGFzIGZ1ZW50ZXMsIHNhbHZvIGNvbnNlbnRpbWllbnRvIGV4cHJlc28gcG9yIGVzY3JpdG8gZGUgbGEgRk1HLmRyb3BDYXBUcnBDb250ZW50UmVzdHJpY3Rpb25pbm5lckJsb2Nrc2NsaWVudElkaXNWYWxpZG5hbWVhdHRyaWJ1dGVzY29udGVudExhIEZNRyBhZHZpZXJ0ZSBleHByZXNhbWVudGUgcXVlIGVsIGNvbnRlbmlkbyBxdWUgc2UgZGEgZW4gZXN0YSB3ZWIgbm8gdGllbmUgcG9yIHF1w6kgYWp1c3RhcnNlIGEgY3VhbHF1aWVyIHVzbyBwZXJzb25hbCwgc2lubyBxdWUgbG8gZXMgb3BvcnR1bm8gcGxhbnRlYXIgbG9zIGFzdW50b3MgZGUgZm9ybWEgcGVyc29uYWwgZSBpbmRpdmlkdWFsaXphZGEgYSBmaW4gZGUgcXVlIHB1ZWRhbiBkYXJzZSBsYXMgcmVzcHVlc3RhcyBuZWNlc2FyaWFzIGVuIGVsIG1pc21vIHNlbnRpZG8uZHJvcENhcFRycENvbnRlbnRSZXN0cmljdGlvbmlubmVyQmxvY2tzY2xpZW50SWRpc1ZhbGlkbmFtZWF0dHJpYnV0ZXNjb250ZW50TGEgRk1HIG5vIHNlIGlkZW50aWZpY2EgY29uIGxhcyBvcGluaW9uZXMgdmVydGlkYXMgZW4gbGEgd2ViIHBvciBzdXMgY29sYWJvcmFkb3Jlcy5kcm9wQ2FwVHJwQ29udGVudFJlc3RyaWN0aW9uaW5uZXJCbG9ja3NjbGllbnRJZGlzVmFsaWRuYW1lYXR0cmlidXRlc2NvbnRlbnRFbCB1c3VhcmlvIHF1ZWRhIGluZm9ybWFkbywgeSBhY2VwdGEsIHF1ZSBlbCBhY2Nlc28gYSBsYSBwcmVzZW50ZSB3ZWIgbm8gc3Vwb25lLCBlbiBtb2RvIGFsZ3VubywgZWwgaW5pY2lvIGRlIHVuYSByZWxhY2nDs24gY29tZXJjaWFsIGNvbiBsYSBGTUcuZHJvcENhcFRycENvbnRlbnRSZXN0cmljdGlvbmlubmVyQmxvY2tzY2xpZW50SWRpc1ZhbGlkbmFtZWF0dHJpYnV0ZXNjb250ZW50TGEgRk1HIHNlIHJlc2VydmEgZWwgZGVyZWNobyBkZSBlZmVjdHVhciBzaW4gcHJldmlvIGF2aXNvIGxhcyBtb2RpZmljYWNpb25lcyBxdWUgY29uc2lkZXJlIG9wb3J0dW5hcyBlbiBzdSB3ZWIsIHB1ZGllbmRvIGNhbWJpYXIsIHN1cHJpbWlyIG8gYcOxYWRpciB0YW50byBsb3MgY29udGVuaWRvcyB5IHNlcnZpY2lvcyBxdWUgc2UgcHJlc3RlbiBhIHRyYXbDqXMgZGUgbGEgbWlzbWEsIGNvbW8gbGEgZm9ybWEgZW4gbGEgcXVlIMOpc3RvcyBhcGFyZXpjYW4gcHJlc2VudGFkb3MgbyBsb2NhbGl6YWRvcyBlbiBzdXMgc2Vydmlkb3Jlcy5kcm9wQ2FwVHJwQ29udGVudFJlc3RyaWN0aW9uaW5uZXJCbG9ja3NjbGllbnRJZGlzVmFsaWRuYW1lYXR0cmlidXRlc2NvbnRlbnRMYSBGTUcgYWR2aWVydGUgZXhwcmVzYW1lbnRlIHF1ZSBlbCBjb250ZW5pZG8gb2ZyZWNpZG8gZW4gZXN0YSB3ZWJkcm9wQ2FwVHJwQ29udGVudFJlc3RyaWN0aW9uaW5uZXJCbG9ja3NjbGllbnRJZGlzVmFsaWRuYW1lYXR0cmlidXRlc2NvbnRlbnRMb3MgZW5sYWNlcyBleGlzdGVudGVzIGVuIGVzdGEgd2ViIHNvbiBwcm9wb3JjaW9uYWRvcyBkZSBidWVuYSBmZSB5IHN1IGluY2x1c2nDs24gdGllbmUgdW5hIGZpbmFsaWRhZCBtZXJhbWVudGUgaW5mb3JtYXRpdmEgc2luIHF1ZSBlc3RvIHN1cG9uZ2EgZW4gbmluZ8O6biBjYXNvIHN1Z2VyZW5jaWEsIGludml0YWNpw7NuIG8gcmVjb21lbmRhY2nDs24gc29icmUgbG9zIG1pc21vcy5kcm9wQ2FwVHJwQ29udGVudFJlc3RyaWN0aW9uaW5uZXJCbG9ja3NjbGllbnRJZGlzVmFsaWRuYW1lYXR0cmlidXRlc2NvbnRlbnRMYSBGTUcgZGVjbGFyYSBxdWUgbm8gdGllbmUgY29udHJvbCBhbGd1bm8gc29icmUgZGljaG9zIGVubGFjZXMgeSBkZWNsaW5hIGN1YWxxdWllciB0aXBvIGRlIHJlc3BvbnNhYmlsaWRhZCBzb2JyZSBsb3MgbWlzbW9zLmRyb3BDYXBUcnBDb250ZW50UmVzdHJpY3Rpb25pbm5lckJsb2Nrc2NsaWVudElkaXNWYWxpZG5hbWVhdHRyaWJ1dGVzY29udGVudE5pIGxhIEZNRywgbmkgbmluZ3VuYSBvdHJhIHBhcnRlIGltcGxpY2FkYSBlbiBsYSBjcmVhY2nDs24sIHByb2R1Y2Npw7NuIG8gc3VtaW5pc3RybyBkZSBlc3RhIHdlYiBzZXLDoW4gcmVzcG9uc2FibGVzIGRlIGRhw7FvcywgY29zdG9zLCBww6lyZGlkYXMgbyByZXNwb25zYWJpbGlkYWRlcyBkZSBjdWFscXVpZXIgdGlwbyBxdWUgcHVlZGFuIHByb2R1Y2lyc2UgcG9yIGVsIGFjY2VzbyBvIHVzbyBkZSBlc3RhIHdlYi5kcm9wQ2FwVHJwQ29udGVudFJlc3RyaWN0aW9uaW5uZXJCbG9ja3NhbGlnbmFsaWduYWxpZ25hbGlnbmFsaWduYWxpZ25hbGlnbmFsaWduYWxpZ25hbGlnbnN0eWxlYWxpZ25pbmd1bGE8IS0tIHdwOmhlYWRpbmcgeyJhbGlnbiI6IndpZGUiLCJzdHlsZSI6eyJ0eXBvZ3JhcGh5Ijp7InRleHRBbGlnbiI6ImxlZnQifX19IC0tPgo8aDIgY2xhc3M9IndwLWJsb2NrLWhlYWRpbmcgaGFzLXRleHQtYWxpZ24tbGVmdCBhbGlnbndpZGUiPkF2aXNvIExlZ2FsPC9oMj4KPCEtLSAvd3A6aGVhZGluZyAtLT4KCjwhLS0gd3A6cGFyYWdyYXBoIHsiYWxpZ24iOiJ3aWRlIn0gLS0+CjxwIGNsYXNzPSJhbGlnbndpZGUiPkVsIHByZXNlbnRlIGF2aXNvIGxlZ2FsIChlbiBhZGVsYW50ZSBlbCDigJxBdmlzbyBMZWdhbOKAnSkgcmVndWxhIGVsIHVzbyBkZWwgc2VydmljaW8gZGVsIHBvcnRhbCBkZSBpbnRlcm5ldCBodHRwOi8vd3d3LnNpbmd1bGEgKGVuIGFkZWxhbnRlIOKAnHdlYuKAnSksIHRpdHVsYXJpZGFkIGRlIGxhIEZlZGVyYWNpw7NuIE1lcmNhbnRpbCBkZSBHaXB1emtvYSAoZW4gYWRlbGFudGUgRk1HKSwgY29uIEMuSS5GLiBHLTIwMDQ1OTkzIHkgc2l0YSBlbiBsYSBDYWxsZSBHYXJpYmFpLCAzNiDigJMgMjAwMDQsIERvbm9zdGlhLVNhbiBTZWJhc3Rpw6FuIChHaXB1emtvYSkuPC9wPgo8IS0tIC93cDpwYXJhZ3JhcGggLS0+Cgo8IS0tIHdwOnBhcmFncmFwaCB7ImFsaWduIjoid2lkZSJ9IC0tPgo8cCBjbGFzcz0iYWxpZ253aWRlIj5Mb3MgZGVyZWNob3MgZGUgcHJvcGllZGFkIGludGVsZWN0dWFsIGRlbCBjb250ZW5pZG8gZGUgbGEgd2ViLCBzdSBkaXNlw7FvIGdyw6FmaWNvIHkgY8OzZGlnb3Mgc29uIHRpdHVsYXJpZGFkIGRlIEZNRywgeSBwb3IgbG8gdGFudG8sIHF1ZWRhIHByb2hpYmlkYSBzdSByZXByb2R1Y2Npw7NuLCBkaXN0cmlidWNpw7NuLCBjb211bmljYWNpw7NuIHDDumJsaWNhLCB0cmFuc2Zvcm1hY2nDs24gbyBjdWFscXVpZXIgb3RyYSBhY3RpdmlkYWQgcXVlIHNlIHB1ZWRhIHJlYWxpemFyIGNvbiBsb3MgY29udGVuaWRvcyBkZSBsYSB3ZWIgbmkgYcO6biBjaXRhbmRvIGxhcyBmdWVudGVzLCBzYWx2byBjb25zZW50aW1pZW50byBleHByZXNvIHBvciBlc2NyaXRvIGRlIGxhIEZNRy48L3A+CjwhLS0gL3dwOnBhcmFncmFwaCAtLT4KCjwhLS0gd3A6cGFyYWdyYXBoIHsiYWxpZ24iOiJ3aWRlIn0gLS0+CjxwIGNsYXNzPSJhbGlnbndpZGUiPkxhIEZNRyBhZHZpZXJ0ZSBleHByZXNhbWVudGUgcXVlIGVsIGNvbnRlbmlkbyBxdWUgc2UgZGEgZW4gZXN0YSB3ZWIgbm8gdGllbmUgcG9yIHF1w6kgYWp1c3RhcnNlIGEgY3VhbHF1aWVyIHVzbyBwZXJzb25hbCwgc2lubyBxdWUgbG8gZXMgb3BvcnR1bm8gcGxhbnRlYXIgbG9zIGFzdW50b3MgZGUgZm9ybWEgcGVyc29uYWwgZSBpbmRpdmlkdWFsaXphZGEgYSBmaW4gZGUgcXVlIHB1ZWRhbiBkYXJzZSBsYXMgcmVzcHVlc3RhcyBuZWNlc2FyaWFzIGVuIGVsIG1pc21vIHNlbnRpZG8uPC9wPgo8IS0tIC93cDpwYXJhZ3JhcGggLS0+Cgo8IS0tIHdwOnBhcmFncmFwaCB7ImFsaWduIjoid2lkZSJ9IC0tPgo8cCBjbGFzcz0iYWxpZ253aWRlIj5MYSBGTUcgbm8gc2UgaWRlbnRpZmljYSBjb24gbGFzIG9waW5pb25lcyB2ZXJ0aWRhcyBlbiBsYSB3ZWIgcG9yIHN1cyBjb2xhYm9yYWRvcmVzLjwvcD4KPCEtLSAvd3A6cGFyYWdyYXBoIC0tPgoKPCEtLSB3cDpwYXJhZ3JhcGggeyJhbGlnbiI6IndpZGUifSAtLT4KPHAgY2xhc3M9ImFsaWdud2lkZSI+RWwgdXN1YXJpbyBxdWVkYSBpbmZvcm1hZG8sIHkgYWNlcHRhLCBxdWUgZWwgYWNjZXNvIGEgbGEgcHJlc2VudGUgd2ViIG5vIHN1cG9uZSwgZW4gbW9kbyBhbGd1bm8sIGVsIGluaWNpbyBkZSB1bmEgcmVsYWNpw7NuIGNvbWVyY2lhbCBjb24gbGEgRk1HLjwvcD4KPCEtLSAvd3A6cGFyYWdyYXBoIC0tPgoKPCEtLSB3cDpwYXJhZ3JhcGggeyJhbGlnbiI6IndpZGUifSAtLT4KPHAgY2xhc3M9ImFsaWdud2lkZSI+TGEgRk1HIHNlIHJlc2VydmEgZWwgZGVyZWNobyBkZSBlZmVjdHVhciBzaW4gcHJldmlvIGF2aXNvIGxhcyBtb2RpZmljYWNpb25lcyBxdWUgY29uc2lkZXJlIG9wb3J0dW5hcyBlbiBzdSB3ZWIsIHB1ZGllbmRvIGNhbWJpYXIsIHN1cHJpbWlyIG8gYcOxYWRpciB0YW50byBsb3MgY29udGVuaWRvcyB5IHNlcnZpY2lvcyBxdWUgc2UgcHJlc3RlbiBhIHRyYXbDqXMgZGUgbGEgbWlzbWEsIGNvbW8gbGEgZm9ybWEgZW4gbGEgcXVlIMOpc3RvcyBhcGFyZXpjYW4gcHJlc2VudGFkb3MgbyBsb2NhbGl6YWRvcyBlbiBzdXMgc2Vydmlkb3Jlcy48L3A+CjwhLS0gL3dwOnBhcmFncmFwaCAtLT4KCjwhLS0gd3A6cGFyYWdyYXBoIHsiYWxpZ24iOiJ3aWRlIn0gLS0+CjxwIGNsYXNzPSJhbGlnbndpZGUiPkxhIEZNRyBhZHZpZXJ0ZSBleHByZXNhbWVudGUgcXVlIGVsIGNvbnRlbmlkbyBvZnJlY2lkbyBlbiBlc3RhIHdlYjwvcD4KPCEtLSAvd3A6cGFyYWdyYXBoIC0tPgoKPCEtLSB3cDpwYXJhZ3JhcGggeyJhbGlnbiI6IndpZGUifSAtLT4KPHAgY2xhc3M9ImFsaWdud2lkZSI+TG9zIGVubGFjZXMgZXhpc3RlbnRlcyBlbiBlc3RhIHdlYiBzb24gcHJvcG9yY2lvbmFkb3MgZGUgYnVlbmEgZmUgeSBzdSBpbmNsdXNpw7NuIHRpZW5lIHVuYSBmaW5hbGlkYWQgbWVyYW1lbnRlIGluZm9ybWF0aXZhIHNpbiBxdWUgZXN0byBzdXBvbmdhIGVuIG5pbmfDum4gY2FzbyBzdWdlcmVuY2lhLCBpbnZpdGFjacOzbiBvIHJlY29tZW5kYWNpw7NuIHNvYnJlIGxvcyBtaXNtb3MuPC9wPgo8IS0tIC93cDpwYXJhZ3JhcGggLS0+Cgo8IS0tIHdwOnBhcmFncmFwaCB7ImFsaWduIjoid2lkZSJ9IC0tPgo8cCBjbGFzcz0iYWxpZ253aWRlIj5MYSBGTUcgZGVjbGFyYSBxdWUgbm8gdGllbmUgY29udHJvbCBhbGd1bm8gc29icmUgZGljaG9zIGVubGFjZXMgeSBkZWNsaW5hIGN1YWxxdWllciB0aXBvIGRlIHJlc3BvbnNhYmlsaWRhZCBzb2JyZSBsb3MgbWlzbW9zLjwvcD4KPCEtLSAvd3A6cGFyYWdyYXBoIC0tPgoKPCEtLSB3cDpwYXJhZ3JhcGggeyJhbGlnbiI6IndpZGUifSAtLT4KPHAgY2xhc3M9ImFsaWdud2lkZSI+TmkgbGEgRk1HLCBuaSBuaW5ndW5hIG90cmEgcGFydGUgaW1wbGljYWRhIGVuIGxhIGNyZWFjacOzbiwgcHJvZHVjY2nDs24gbyBzdW1pbmlzdHJvIGRlIGVzdGEgd2ViIHNlcsOhbiByZXNwb25zYWJsZXMgZGUgZGHDsW9zLCBjb3N0b3MsIHDDqXJkaWRhcyBvIHJlc3BvbnNhYmlsaWRhZGVzIGRlIGN1YWxxdWllciB0aXBvIHF1ZSBwdWVkYW4gcHJvZHVjaXJzZSBwb3IgZWwgYWNjZXNvIG8gdXNvIGRlIGVzdGEgd2ViLjwvcD4KPCEtLSAvd3A6cGFyYWdyYXBoIC0tPnJsb2NhbC1sYWIuY29tcmxvY2FsLWxhYi5jb21kb2N1bWVudHNsdWdzdGF0ZXNhdmVkQXRzdGF0ZXNhdmVkQnkFBwUHCAcECkcAFQs2BQcIBAgGCAUIBwgHCAYIDggOCAtIAQQYFhMUFQkUGA8YCAYBCggHBApHABULAwcPCksABQgHBAoHtAEBvAIHFQsIBwQKB7QFBxULCAcECgeSBAcVCwgHBAoHkwEHFQsIBwQKB5ACBxULCAcECgeuBAcVCwgHBAoHggEHFQsIBwQKB5cDBxULCAcECge9AQcVCwgHBAoHqQMHFQtFCgQChQOlAo4sTgAIBAUHBQcRAQEABwEDAAABBwAJAQAAdgE0QQACAEIBAQBBAAACQQACAEEAAgBBAAIAQQACAEEAAgBBAAIAQQACAEEAAgBBAAIAQQACAA9BChNBIwVBOgQBCAE2QQUDAQB9AQ0AdyQxMDVkMzYzOS1jNTVhLTQxMjUtODYzMi0xZDNlOWI4NGVjZWJ4dw5jb3JlL3BhcmFncmFwaHl2AxByZXN0cmljdGlvbl90eXBldwdleGNsdWRlEnNlbGVjdGVkX2xhbmd1YWdlc3UACnBhbmVsX29wZW54e0J52qka09AAe0HjCQoLwAAAuQEAfYH6pYYCfQB3BmNsb3NlZHcGY2xvc2VkdwB3AHl3AHUAdwB3AHcAdwB+eHYDEHJlc3RyaWN0aW9uX3R5cGV3B2V4Y2x1ZGUSc2VsZWN0ZWRfbGFuZ3VhZ2VzdQAKcGFuZWxfb3Blbnh3JDBiZDFjZWM4LTU5OGYtNDRmMy04Y2RjLWFmZDU4M2Q2YTEzMHcMY29yZS9oZWFkaW5ndyQ3NDY5MjMwMC0yZDhhLTQwMGEtYjE5Ny1iNjBmYmQzOTQyM2J4dw5jb3JlL3BhcmFncmFwaHl2AxByZXN0cmljdGlvbl90eXBldwdleGNsdWRlEnNlbGVjdGVkX2xhbmd1YWdlc3UACnBhbmVsX29wZW54dyQ1Mjg5MDUzMy1iZjZkLTRjZmItOGFlOS04NjdhZTM3Njg4MDB4dw5jb3JlL3BhcmFncmFwaHl2AxByZXN0cmljdGlvbl90eXBldwdleGNsdWRlEnNlbGVjdGVkX2xhbmd1YWdlc3UACnBhbmVsX29wZW54dyRkOGU5MTQ3NS0zZDAwLTRhNzAtYmY2MS0wMGI3ZWMwZjA5ZjN4dw5jb3JlL3BhcmFncmFwaHl2AxByZXN0cmljdGlvbl90eXBldwdleGNsdWRlEnNlbGVjdGVkX2xhbmd1YWdlc3UACnBhbmVsX29wZW54dyQ3ZGQxZTVkYy1mZGRjLTQ2YTEtOWM3Ni02MzRiYjYwNDI0NjB4dw5jb3JlL3BhcmFncmFwaHl2AxByZXN0cmljdGlvbl90eXBldwdleGNsdWRlEnNlbGVjdGVkX2xhbmd1YWdlc3UACnBhbmVsX29wZW54dyRlYzVjNzRhMC1lNTM5LTQzMjItOGE0MS04YTVlZDIwYmU0YTJ4dw5jb3JlL3BhcmFncmFwaHl2AxByZXN0cmljdGlvbl90eXBldwdleGNsdWRlEnNlbGVjdGVkX2xhbmd1YWdlc3UACnBhbmVsX29wZW54dyQ1NTZhNTJjMy1kNjBmLTQxOTktOTI5ZC0yZTQxZjk1ZDNiZDl4dw5jb3JlL3BhcmFncmFwaHl2AxByZXN0cmljdGlvbl90eXBldwdleGNsdWRlEnNlbGVjdGVkX2xhbmd1YWdlc3UACnBhbmVsX29wZW54dyRkY2E0ZjY1Mi1kODkyLTRkMjEtYTliOC00ODhhYTY0NDk1N2Z4dw5jb3JlL3BhcmFncmFwaHl2AxByZXN0cmljdGlvbl90eXBldwdleGNsdWRlEnNlbGVjdGVkX2xhbmd1YWdlc3UACnBhbmVsX29wZW54dyQ2Mzc5MTczMy1mODY4LTQzNzAtYjNmZi0wMmY2MzJhZTExOGJ4dw5jb3JlL3BhcmFncmFwaHl2AxByZXN0cmljdGlvbl90eXBldwdleGNsdWRlEnNlbGVjdGVkX2xhbmd1YWdlc3UACnBhbmVsX29wZW54dyQwNWM5NTZlMS04ZTVlLTRjZjYtOGZhNC0zZWI4MTIwODgwNWV4dw5jb3JlL3BhcmFncmFwaHl2AxByZXN0cmljdGlvbl90eXBldwdleGNsdWRlEnNlbGVjdGVkX2xhbmd1YWdlc3UACnBhbmVsX29wZW54dyRmZDI2ODU2Ny05NTA4LTRmYTEtOWEwYS0xZDZlZGU1NmNiMmF4dw5jb3JlL3BhcmFncmFwaHl2AxByZXN0cmljdGlvbl90eXBldwdleGNsdWRlEnNlbGVjdGVkX2xhbmd1YWdlc3UACnBhbmVsX29wZW54dwR3aWRldwR3aWRldwR3aWRldwR3aWRldwR3aWRldwR3aWRldwR3aWRldwR3aWRldwR3aWRldwR3aWRldgEKdHlwb2dyYXBoeXYBCXRleHRBbGlnbncEbGVmdHcEd2lkZX0CdwdwdWJsaXNodxMyMDI2LTA0LTIwVDEyOjQ2OjQ4dwthdmlzby1sZWdhbHcIcGFnaW5hLTMC3qChwgkBAADY0JykAw8AAgESBgAYAAEAAQECCAEADQB6BLgQA4gZCA81AgEBAQ==\",\"updateId\":832023970}","advanced_seo_description":"","jetpack_seo_html_title":"","jetpack_seo_noindex":false,"_vp_format_video_url":"","_vp_image_focal_point":[],"footnotes":""},"class_list":["post-2282","page","type-page","status-publish","hentry"],"jetpack_likes_enabled":true,"jetpack_sharing_enabled":true,"jetpack_shortlink":"https:\/\/wp.me\/Ph0395-AO","jetpack-related-posts":[],"publishpress_future_action":{"enabled":false,"date":"2026-05-07 10:25:48","action":"change-status","newStatus":"draft","terms":[],"taxonomy":"","extraData":[]},"publishpress_future_workflow_manual_trigger":{"enabledWorkflows":[]},"_links":{"self":[{"href":"https:\/\/singularlocal-lab.com\/eu\/wp-json\/wp\/v2\/pages\/2282","targetHints":{"allow":["GET"]}}],"collection":[{"href":"https:\/\/singularlocal-lab.com\/eu\/wp-json\/wp\/v2\/pages"}],"about":[{"href":"https:\/\/singularlocal-lab.com\/eu\/wp-json\/wp\/v2\/types\/page"}],"author":[{"embeddable":true,"href":"https:\/\/singularlocal-lab.com\/eu\/wp-json\/wp\/v2\/users\/275037825"}],"replies":[{"embeddable":true,"href":"https:\/\/singularlocal-lab.com\/eu\/wp-json\/wp\/v2\/comments?post=2282"}],"version-history":[{"count":3,"href":"https:\/\/singularlocal-lab.com\/eu\/wp-json\/wp\/v2\/pages\/2282\/revisions"}],"predecessor-version":[{"id":2298,"href":"https:\/\/singularlocal-lab.com\/eu\/wp-json\/wp\/v2\/pages\/2282\/revisions\/2298"}],"wp:attachment":[{"href":"https:\/\/singularlocal-lab.com\/eu\/wp-json\/wp\/v2\/media?parent=2282"}],"curies":[{"name":"wp","href":"https:\/\/api.w.org\/{rel}","templated":true}]}}